{"id":4649,"date":"2026-02-24T20:30:23","date_gmt":"2026-02-24T19:30:23","guid":{"rendered":"https:\/\/timeworksmods.com\/?post_type=product&#038;p=4649"},"modified":"2026-04-13T08:33:12","modified_gmt":"2026-04-13T06:33:12","slug":"nautiko-chrono-white","status":"publish","type":"product","link":"https:\/\/timeworksmods.com\/it\/product\/nautiko-chrono-white\/","title":{"rendered":"Nautiko Crono Bianco"},"content":{"rendered":"<p data-start=\"218\" data-end=\"540\">Ispirato ai grandi modelli iconici di orologi di lusso sportivi, questo mod presenta un design sofisticato, con linee integrate e un equilibrio perfetto tra eleganza e sportivit\u00e0. Conserva l'essenza degli orologi di lusso classici, incorporando materiali di prima qualit\u00e0 e un funzionamento affidabile e preciso.<\/p>\n<p data-start=\"542\" data-end=\"919\">Al suo interno equipaggia il <strong data-start=\"567\" data-end=\"592\">movimento Seiko VK61<\/strong>, un calibro ibrido al quarzo con funzione cronografo meccanica, particolarmente apprezzato per la sua precisione e facilit\u00e0 d'uso. Offre carica automatica del cronografo, lancetta dei secondi centrale e sotto-quadranti per minuti e decimi di secondo, mantenendo un quadrante pulito e leggibile, ideale per uno stile sportivo dall'estetica raffinata.<\/p>\n<p data-start=\"921\" data-end=\"1281\">La cassa \u00e8 realizzata in acciaio inossidabile 316L, garantendo resistenza alla corrosione e all'usura quotidiana, ed \u00e8 completata da un vetro zaffiro per la massima protezione contro i graffi e un'eccellente visibilit\u00e0. Il risultato \u00e8 un orologio elegante, sportivo e affidabile, perfetto sia per l'uso quotidiano che per collezionisti e appassionati di orologeria moderna.<\/p>","protected":false},"excerpt":{"rendered":"<p>Questa mod combina l'eleganza sportiva dei design classici degli orologi con l'affidabilit\u00e0 di un <strong data-start=\"286\" data-end=\"337\">movimento mecca-quartz giapponese di alta precisione<\/strong>. Un omaggio che rispetta l'essenza degli orologi iconici, reinterpretato con materiali moderni e una costruzione curata nei minimi dettagli.<\/p>","protected":false},"featured_media":4642,"comment_status":"open","ping_status":"closed","template":"","meta":{"_acf_changed":false,"_joinchat":[]},"product_cat":[100],"product_tag":[],"class_list":{"0":"post-4649","1":"product","2":"type-product","3":"status-publish","4":"has-post-thumbnail","6":"product_cat-nautiko","8":"first","9":"instock","10":"sale","11":"taxable","12":"shipping-taxable","13":"purchasable","14":"product-type-simple","swatches":"rey-swatches","show_selected":""},"acf":[],"yoast_head":"<!-- This site is optimized with the Yoast SEO plugin v27.4 - https:\/\/yoast.com\/product\/yoast-seo-wordpress\/ -->\n<title>Nautiko Chrono White | Timeworks\u2122 | Seiko Mods<\/title>\n<meta name=\"description\" content=\"Este mod combina la elegancia deportiva de los dise\u00f1os cl\u00e1sicos de relojer\u00eda con la fiabilidad de un movimiento meca-quartz japon\u00e9s de alta precisi\u00f3n. Un homenaje que respeta la esencia de los relojes ic\u00f3nicos, reinterpretado con materiales modernos y una construcci\u00f3n cuidada al detalle.\" \/>\n<meta name=\"robots\" content=\"index, follow, max-snippet:-1, max-image-preview:large, max-video-preview:-1\" \/>\n<link rel=\"canonical\" href=\"https:\/\/timeworksmods.com\/it\/product\/nautiko-chrono-white\/\" \/>\n<meta property=\"og:locale\" content=\"it_IT\" \/>\n<meta property=\"og:type\" content=\"article\" \/>\n<meta property=\"og:title\" content=\"Nautiko Chrono White | Timeworks\u2122 | Seiko Mods\" \/>\n<meta property=\"og:description\" content=\"Este mod combina la elegancia deportiva de los dise\u00f1os cl\u00e1sicos de relojer\u00eda con la fiabilidad de un movimiento meca-quartz japon\u00e9s de alta precisi\u00f3n. Un homenaje que respeta la esencia de los relojes ic\u00f3nicos, reinterpretado con materiales modernos y una construcci\u00f3n cuidada al detalle.\" \/>\n<meta property=\"og:url\" content=\"https:\/\/timeworksmods.com\/it\/product\/nautiko-chrono-white\/\" \/>\n<meta property=\"og:site_name\" content=\"Timeworks\u2122 | Seiko Mods\" \/>\n<meta property=\"article:modified_time\" content=\"2026-04-13T06:33:12+00:00\" \/>\n<meta property=\"og:image\" content=\"https:\/\/timeworksmods.com\/wp-content\/uploads\/2026\/02\/63c17d596f401acb520efe4a2a7a01ee.jpg\" \/>\n\t<meta property=\"og:image:width\" content=\"1600\" \/>\n\t<meta property=\"og:image:height\" content=\"1600\" \/>\n\t<meta property=\"og:image:type\" content=\"image\/jpeg\" \/>\n<meta name=\"twitter:card\" content=\"summary_large_image\" \/>\n<meta name=\"twitter:label1\" content=\"Est. reading time\" \/>\n\t<meta name=\"twitter:data1\" content=\"1 minuto\" \/>\n<script type=\"application\/ld+json\" class=\"yoast-schema-graph\">{\"@context\":\"https:\\\/\\\/schema.org\",\"@graph\":[{\"@type\":\"WebPage\",\"@id\":\"https:\\\/\\\/timeworksmods.com\\\/producto\\\/nautiko-chrono-white\\\/\",\"url\":\"https:\\\/\\\/timeworksmods.com\\\/producto\\\/nautiko-chrono-white\\\/\",\"name\":\"Nautiko Chrono White | Timeworks\u2122 | Seiko Mods\",\"isPartOf\":{\"@id\":\"https:\\\/\\\/timeworksmods.com\\\/#website\"},\"primaryImageOfPage\":{\"@id\":\"https:\\\/\\\/timeworksmods.com\\\/producto\\\/nautiko-chrono-white\\\/#primaryimage\"},\"image\":{\"@id\":\"https:\\\/\\\/timeworksmods.com\\\/producto\\\/nautiko-chrono-white\\\/#primaryimage\"},\"thumbnailUrl\":\"https:\\\/\\\/timeworksmods.com\\\/wp-content\\\/uploads\\\/2026\\\/02\\\/63c17d596f401acb520efe4a2a7a01ee.jpg\",\"datePublished\":\"2026-02-24T19:30:23+00:00\",\"dateModified\":\"2026-04-13T06:33:12+00:00\",\"description\":\"Este mod combina la elegancia deportiva de los dise\u00f1os cl\u00e1sicos de relojer\u00eda con la fiabilidad de un movimiento meca-quartz japon\u00e9s de alta precisi\u00f3n. Un homenaje que respeta la esencia de los relojes ic\u00f3nicos, reinterpretado con materiales modernos y una construcci\u00f3n cuidada al detalle.\",\"breadcrumb\":{\"@id\":\"https:\\\/\\\/timeworksmods.com\\\/producto\\\/nautiko-chrono-white\\\/#breadcrumb\"},\"inLanguage\":\"it-IT\",\"potentialAction\":[{\"@type\":\"ReadAction\",\"target\":[\"https:\\\/\\\/timeworksmods.com\\\/producto\\\/nautiko-chrono-white\\\/\"]}]},{\"@type\":\"ImageObject\",\"inLanguage\":\"it-IT\",\"@id\":\"https:\\\/\\\/timeworksmods.com\\\/producto\\\/nautiko-chrono-white\\\/#primaryimage\",\"url\":\"https:\\\/\\\/timeworksmods.com\\\/wp-content\\\/uploads\\\/2026\\\/02\\\/63c17d596f401acb520efe4a2a7a01ee.jpg\",\"contentUrl\":\"https:\\\/\\\/timeworksmods.com\\\/wp-content\\\/uploads\\\/2026\\\/02\\\/63c17d596f401acb520efe4a2a7a01ee.jpg\",\"width\":1600,\"height\":1600},{\"@type\":\"BreadcrumbList\",\"@id\":\"https:\\\/\\\/timeworksmods.com\\\/producto\\\/nautiko-chrono-white\\\/#breadcrumb\",\"itemListElement\":[{\"@type\":\"ListItem\",\"position\":1,\"name\":\"Portada\",\"item\":\"https:\\\/\\\/timeworksmods.com\\\/\"},{\"@type\":\"ListItem\",\"position\":2,\"name\":\"Tienda\",\"item\":\"https:\\\/\\\/timeworksmods.com\\\/tienda\\\/\"},{\"@type\":\"ListItem\",\"position\":3,\"name\":\"Nautiko Chrono White\"}]},{\"@type\":\"WebSite\",\"@id\":\"https:\\\/\\\/timeworksmods.com\\\/#website\",\"url\":\"https:\\\/\\\/timeworksmods.com\\\/\",\"name\":\"Timeworks\u2122 | Seiko Mods\",\"description\":\"Tu Tienda de Seiko Mods Personalizados\",\"publisher\":{\"@id\":\"https:\\\/\\\/timeworksmods.com\\\/#organization\"},\"alternateName\":\"Timeworks\u2122 | Seiko Mods\",\"potentialAction\":[{\"@type\":\"SearchAction\",\"target\":{\"@type\":\"EntryPoint\",\"urlTemplate\":\"https:\\\/\\\/timeworksmods.com\\\/?s={search_term_string}\"},\"query-input\":{\"@type\":\"PropertyValueSpecification\",\"valueRequired\":true,\"valueName\":\"search_term_string\"}}],\"inLanguage\":\"it-IT\"},{\"@type\":\"Organization\",\"@id\":\"https:\\\/\\\/timeworksmods.com\\\/#organization\",\"name\":\"Timeworks\u2122 | Seiko Mods\",\"alternateName\":\"Timeworks\u2122 | Seiko Mods\",\"url\":\"https:\\\/\\\/timeworksmods.com\\\/\",\"logo\":{\"@type\":\"ImageObject\",\"inLanguage\":\"it-IT\",\"@id\":\"https:\\\/\\\/timeworksmods.com\\\/#\\\/schema\\\/logo\\\/image\\\/\",\"url\":\"https:\\\/\\\/timeworksmods.com\\\/wp-content\\\/uploads\\\/2025\\\/12\\\/ad972f10e0800b49d76fed33a21f6698.png\",\"contentUrl\":\"https:\\\/\\\/timeworksmods.com\\\/wp-content\\\/uploads\\\/2025\\\/12\\\/ad972f10e0800b49d76fed33a21f6698.png\",\"width\":1500,\"height\":200,\"caption\":\"Timeworks\u2122 | Seiko Mods\"},\"image\":{\"@id\":\"https:\\\/\\\/timeworksmods.com\\\/#\\\/schema\\\/logo\\\/image\\\/\"}}]}<\/script>\n<!-- \/ Yoast SEO plugin. -->","yoast_head_json":{"title":"Nautiko Chrono White | Timeworks\u2122 | Seiko Mods","description":"Questa mod unisce l'eleganza sportiva dei classici design orologieri con l'affidabilit\u00e0 di un movimento meca-quartz giapponese di alta precisione. Un omaggio che rispetta l'essenza degli orologi iconici, reinterpretati con materiali moderni e una costruzione curata nei minimi dettagli.","robots":{"index":"index","follow":"follow","max-snippet":"max-snippet:-1","max-image-preview":"max-image-preview:large","max-video-preview":"max-video-preview:-1"},"canonical":"https:\/\/timeworksmods.com\/it\/product\/nautiko-chrono-white\/","og_locale":"it_IT","og_type":"article","og_title":"Nautiko Chrono White | Timeworks\u2122 | Seiko Mods","og_description":"Este mod combina la elegancia deportiva de los dise\u00f1os cl\u00e1sicos de relojer\u00eda con la fiabilidad de un movimiento meca-quartz japon\u00e9s de alta precisi\u00f3n. Un homenaje que respeta la esencia de los relojes ic\u00f3nicos, reinterpretado con materiales modernos y una construcci\u00f3n cuidada al detalle.","og_url":"https:\/\/timeworksmods.com\/it\/product\/nautiko-chrono-white\/","og_site_name":"Timeworks\u2122 | Seiko Mods","article_modified_time":"2026-04-13T06:33:12+00:00","og_image":[{"width":1600,"height":1600,"url":"https:\/\/timeworksmods.com\/wp-content\/uploads\/2026\/02\/63c17d596f401acb520efe4a2a7a01ee.jpg","type":"image\/jpeg"}],"twitter_card":"summary_large_image","twitter_misc":{"Est. reading time":"1 minuto"},"schema":{"@context":"https:\/\/schema.org","@graph":[{"@type":"WebPage","@id":"https:\/\/timeworksmods.com\/producto\/nautiko-chrono-white\/","url":"https:\/\/timeworksmods.com\/producto\/nautiko-chrono-white\/","name":"Nautiko Chrono White | Timeworks\u2122 | Seiko Mods","isPartOf":{"@id":"https:\/\/timeworksmods.com\/#website"},"primaryImageOfPage":{"@id":"https:\/\/timeworksmods.com\/producto\/nautiko-chrono-white\/#primaryimage"},"image":{"@id":"https:\/\/timeworksmods.com\/producto\/nautiko-chrono-white\/#primaryimage"},"thumbnailUrl":"https:\/\/timeworksmods.com\/wp-content\/uploads\/2026\/02\/63c17d596f401acb520efe4a2a7a01ee.jpg","datePublished":"2026-02-24T19:30:23+00:00","dateModified":"2026-04-13T06:33:12+00:00","description":"Questa mod unisce l'eleganza sportiva dei classici design orologieri con l'affidabilit\u00e0 di un movimento meca-quartz giapponese di alta precisione. Un omaggio che rispetta l'essenza degli orologi iconici, reinterpretati con materiali moderni e una costruzione curata nei minimi dettagli.","breadcrumb":{"@id":"https:\/\/timeworksmods.com\/producto\/nautiko-chrono-white\/#breadcrumb"},"inLanguage":"it-IT","potentialAction":[{"@type":"ReadAction","target":["https:\/\/timeworksmods.com\/producto\/nautiko-chrono-white\/"]}]},{"@type":"ImageObject","inLanguage":"it-IT","@id":"https:\/\/timeworksmods.com\/producto\/nautiko-chrono-white\/#primaryimage","url":"https:\/\/timeworksmods.com\/wp-content\/uploads\/2026\/02\/63c17d596f401acb520efe4a2a7a01ee.jpg","contentUrl":"https:\/\/timeworksmods.com\/wp-content\/uploads\/2026\/02\/63c17d596f401acb520efe4a2a7a01ee.jpg","width":1600,"height":1600},{"@type":"BreadcrumbList","@id":"https:\/\/timeworksmods.com\/producto\/nautiko-chrono-white\/#breadcrumb","itemListElement":[{"@type":"ListItem","position":1,"name":"Portada","item":"https:\/\/timeworksmods.com\/"},{"@type":"ListItem","position":2,"name":"Tienda","item":"https:\/\/timeworksmods.com\/tienda\/"},{"@type":"ListItem","position":3,"name":"Nautiko Chrono White"}]},{"@type":"WebSite","@id":"https:\/\/timeworksmods.com\/#website","url":"https:\/\/timeworksmods.com\/","name":"Timeworks\u2122 | Modifiche Seiko","description":"La Tua Bottega di Modifiche Seiko Personalizzate","publisher":{"@id":"https:\/\/timeworksmods.com\/#organization"},"alternateName":"Timeworks\u2122 | Seiko Mods","potentialAction":[{"@type":"SearchAction","target":{"@type":"EntryPoint","urlTemplate":"https:\/\/timeworksmods.com\/?s={search_term_string}"},"query-input":{"@type":"PropertyValueSpecification","valueRequired":true,"valueName":"search_term_string"}}],"inLanguage":"it-IT"},{"@type":"Organization","@id":"https:\/\/timeworksmods.com\/#organization","name":"Timeworks\u2122 | Modifiche Seiko","alternateName":"Timeworks\u2122 | Seiko Mods","url":"https:\/\/timeworksmods.com\/","logo":{"@type":"ImageObject","inLanguage":"it-IT","@id":"https:\/\/timeworksmods.com\/#\/schema\/logo\/image\/","url":"https:\/\/timeworksmods.com\/wp-content\/uploads\/2025\/12\/ad972f10e0800b49d76fed33a21f6698.png","contentUrl":"https:\/\/timeworksmods.com\/wp-content\/uploads\/2025\/12\/ad972f10e0800b49d76fed33a21f6698.png","width":1500,"height":200,"caption":"Timeworks\u2122 | Seiko Mods"},"image":{"@id":"https:\/\/timeworksmods.com\/#\/schema\/logo\/image\/"}}]}},"_links":{"self":[{"href":"https:\/\/timeworksmods.com\/it\/wp-json\/wp\/v2\/product\/4649","targetHints":{"allow":["GET"]}}],"collection":[{"href":"https:\/\/timeworksmods.com\/it\/wp-json\/wp\/v2\/product"}],"about":[{"href":"https:\/\/timeworksmods.com\/it\/wp-json\/wp\/v2\/types\/product"}],"replies":[{"embeddable":true,"href":"https:\/\/timeworksmods.com\/it\/wp-json\/wp\/v2\/comments?post=4649"}],"wp:featuredmedia":[{"embeddable":true,"href":"https:\/\/timeworksmods.com\/it\/wp-json\/wp\/v2\/media\/4642"}],"wp:attachment":[{"href":"https:\/\/timeworksmods.com\/it\/wp-json\/wp\/v2\/media?parent=4649"}],"wp:term":[{"taxonomy":"product_cat","embeddable":true,"href":"https:\/\/timeworksmods.com\/it\/wp-json\/wp\/v2\/product_cat?post=4649"},{"taxonomy":"product_tag","embeddable":true,"href":"https:\/\/timeworksmods.com\/it\/wp-json\/wp\/v2\/product_tag?post=4649"}],"curies":[{"name":"wp","href":"https:\/\/api.w.org\/{rel}","templated":true}]}}