{"id":4845,"date":"2026-03-25T12:24:17","date_gmt":"2026-03-25T11:24:17","guid":{"rendered":"https:\/\/timeworksmods.com\/?post_type=product&#038;p=4845"},"modified":"2026-04-13T08:32:21","modified_gmt":"2026-04-13T06:32:21","slug":"hubleiko-rose-gold","status":"publish","type":"product","link":"https:\/\/timeworksmods.com\/it\/product\/hubleiko-rose-gold\/","title":{"rendered":"Hubleiko Rose Gold"},"content":{"rendered":"<section class=\"text-token-text-primary w-full focus:outline-none [--shadow-height:45px] has-data-writing-block:pointer-events-none has-data-writing-block:-mt-(--shadow-height) has-data-writing-block:pt-(--shadow-height) [&amp;:has([data-writing-block])&gt;*]:pointer-events-auto scroll-mt-(--header-height)\" dir=\"auto\" data-turn-id=\"a2d3f9da-7250-4048-810e-a4a8036793c2\" data-testid=\"conversation-turn-3\" data-scroll-anchor=\"false\" data-turn=\"user\"><\/section>\n<section class=\"text-token-text-primary w-full focus:outline-none [--shadow-height:45px] has-data-writing-block:pointer-events-none has-data-writing-block:-mt-(--shadow-height) has-data-writing-block:pt-(--shadow-height) [&amp;:has([data-writing-block])&gt;*]:pointer-events-auto scroll-mt-[calc(var(--header-height)+min(200px,max(70px,20svh)))]\" dir=\"auto\" data-turn-id=\"request-WEB:3cd8e5c4-1c77-4864-a15c-33bd3c7b207e-1\" data-testid=\"conversation-turn-4\" data-scroll-anchor=\"true\" data-turn=\"assistant\">\n<div class=\"text-base my-auto mx-auto pb-10 [--thread-content-margin:var(--thread-content-margin-xs,calc(var(--spacing)*4))] @w-sm\/main:[--thread-content-margin:var(--thread-content-margin-sm,calc(var(--spacing)*6))] @w-lg\/main:[--thread-content-margin:var(--thread-content-margin-lg,calc(var(--spacing)*16))] px-(--thread-content-margin)\">\n<div class=\"[--thread-content-max-width:40rem] @w-lg\/main:[--thread-content-max-width:48rem] mx-auto max-w-(--thread-content-max-width) flex-1 group\/turn-messages focus-visible:outline-hidden relative flex w-full min-w-0 flex-col agent-turn\">\n<div class=\"flex max-w-full flex-col gap-4 grow\">\n<div class=\"min-h-8 text-message relative flex w-full flex-col items-end gap-2 text-start break-words whitespace-normal outline-none keyboard-focused:focus-ring [.text-message+&amp;]:mt-1\" dir=\"auto\" tabindex=\"0\" data-message-author-role=\"assistant\" data-message-id=\"c2b28d37-cc9c-4f8d-ae22-21550792106f\" data-message-model-slug=\"gpt-5-3\" data-turn-start-message=\"true\">\n<div class=\"flex w-full flex-col gap-1 empty:hidden\">\n<div class=\"markdown prose dark:prose-invert w-full wrap-break-word light markdown-new-styling\">\n<p data-start=\"0\" data-end=\"275\">Inspirado en uno de los dise\u00f1os m\u00e1s ic\u00f3nicos y vanguardistas de la relojer\u00eda deportiva contempor\u00e1nea, este mod adopta una est\u00e9tica potente y reconocible, reinterpretada con un enfoque propio que combina car\u00e1cter, precisi\u00f3n japonesa y una presencia imponente en mu\u00f1eca.<\/p>\n<p data-start=\"277\" data-end=\"499\">Su arquitectura destaca por l\u00edneas angulares, bisel marcado y una construcci\u00f3n robusta que transmite dinamismo, innovaci\u00f3n, logrando un equilibrio perfecto entre deportividad y sofisticaci\u00f3n moderna.<\/p>\n<p data-start=\"501\" data-end=\"928\">En su interior equipa el fiable calibre VK63 meca-quartz, una soluci\u00f3n h\u00edbrida pensada para el cronometraje deportivo que ofrece la precisi\u00f3n del cuarzo junto con la respuesta mec\u00e1nica del cron\u00f3grafo. El segundero central arranca de forma instant\u00e1nea, los pulsadores ofrecen una sensaci\u00f3n firme y precisa, y los totalizadores funcionan con perfecta sincron\u00eda, garantizando una experiencia s\u00f3lida incluso en uso intensivo.<\/p>\n<p data-start=\"930\" data-end=\"1157\">La caja de acero inoxidable 316L aporta resistencia frente a impactos, vibraciones y desgaste diario, mientras que el cristal de zafiro con tratamiento antirreflejos asegura una legibilidad \u00f3ptima en cualquier condici\u00f3n de luz.<\/p>\n<p data-start=\"1159\" data-end=\"1361\" data-is-last-node=\"\" data-is-only-node=\"\">El resultado es un cron\u00f3grafo de est\u00e9tica contundente y car\u00e1cter deportivo, dise\u00f1ado para quienes buscan una pieza moderna, fiable y con una fuerte personalidad inspirada en la alta relojer\u00eda deportiva.<\/p>\n<\/div>\n<\/div>\n<\/div>\n<\/div>\n<\/div>\n<\/div>\n<\/section>\n","protected":false},"excerpt":{"rendered":"<p>Inspirado en uno de los dise\u00f1os m\u00e1s ic\u00f3nicos y vanguardistas de la relojer\u00eda deportiva contempor\u00e1nea, este mod adopta una est\u00e9tica potente y reconocible, reinterpretada con un enfoque propio que combina car\u00e1cter, precisi\u00f3n japonesa y una presencia imponente en mu\u00f1eca.<\/p>","protected":false},"featured_media":4839,"comment_status":"open","ping_status":"closed","template":"","meta":{"_acf_changed":false,"_joinchat":[]},"product_cat":[255],"product_tag":[],"class_list":{"0":"post-4845","1":"product","2":"type-product","3":"status-publish","4":"has-post-thumbnail","6":"product_cat-hubleiko","8":"first","9":"instock","10":"sale","11":"taxable","12":"shipping-taxable","13":"purchasable","14":"product-type-simple","swatches":"rey-swatches","show_selected":""},"acf":[],"yoast_head":"<!-- This site is optimized with the Yoast SEO plugin v27.4 - https:\/\/yoast.com\/product\/yoast-seo-wordpress\/ -->\n<title>Hubleiko Rose Gold | Timeworks\u2122 | Seiko Mods<\/title>\n<meta name=\"description\" content=\"Inspirado en uno de los dise\u00f1os m\u00e1s ic\u00f3nicos y vanguardistas de la relojer\u00eda deportiva contempor\u00e1nea, este mod adopta una est\u00e9tica potente y reconocible, reinterpretada con un enfoque propio que combina car\u00e1cter, precisi\u00f3n japonesa y una presencia imponente en mu\u00f1eca.\" \/>\n<meta name=\"robots\" content=\"index, follow, max-snippet:-1, max-image-preview:large, max-video-preview:-1\" \/>\n<link rel=\"canonical\" href=\"https:\/\/timeworksmods.com\/it\/product\/hubleiko-rose-gold\/\" \/>\n<meta property=\"og:locale\" content=\"it_IT\" \/>\n<meta property=\"og:type\" content=\"article\" \/>\n<meta property=\"og:title\" content=\"Hubleiko Rose Gold | Timeworks\u2122 | Seiko Mods\" \/>\n<meta property=\"og:description\" content=\"Inspirado en uno de los dise\u00f1os m\u00e1s ic\u00f3nicos y vanguardistas de la relojer\u00eda deportiva contempor\u00e1nea, este mod adopta una est\u00e9tica potente y reconocible, reinterpretada con un enfoque propio que combina car\u00e1cter, precisi\u00f3n japonesa y una presencia imponente en mu\u00f1eca.\" \/>\n<meta property=\"og:url\" content=\"https:\/\/timeworksmods.com\/it\/product\/hubleiko-rose-gold\/\" \/>\n<meta property=\"og:site_name\" content=\"Timeworks\u2122 | Seiko Mods\" \/>\n<meta property=\"article:modified_time\" content=\"2026-04-13T06:32:21+00:00\" \/>\n<meta property=\"og:image\" content=\"https:\/\/timeworksmods.com\/wp-content\/uploads\/2026\/03\/maquetahubleikorosegold_cleanup.jpg\" \/>\n\t<meta property=\"og:image:width\" content=\"1200\" \/>\n\t<meta property=\"og:image:height\" content=\"1200\" \/>\n\t<meta property=\"og:image:type\" content=\"image\/jpeg\" \/>\n<meta name=\"twitter:card\" content=\"summary_large_image\" \/>\n<meta name=\"twitter:label1\" content=\"Est. reading time\" \/>\n\t<meta name=\"twitter:data1\" content=\"1 minuto\" \/>\n<script type=\"application\/ld+json\" class=\"yoast-schema-graph\">{\"@context\":\"https:\\\/\\\/schema.org\",\"@graph\":[{\"@type\":\"WebPage\",\"@id\":\"https:\\\/\\\/timeworksmods.com\\\/producto\\\/hubleiko-rose-gold\\\/\",\"url\":\"https:\\\/\\\/timeworksmods.com\\\/producto\\\/hubleiko-rose-gold\\\/\",\"name\":\"Hubleiko Rose Gold | Timeworks\u2122 | Seiko Mods\",\"isPartOf\":{\"@id\":\"https:\\\/\\\/timeworksmods.com\\\/#website\"},\"primaryImageOfPage\":{\"@id\":\"https:\\\/\\\/timeworksmods.com\\\/producto\\\/hubleiko-rose-gold\\\/#primaryimage\"},\"image\":{\"@id\":\"https:\\\/\\\/timeworksmods.com\\\/producto\\\/hubleiko-rose-gold\\\/#primaryimage\"},\"thumbnailUrl\":\"https:\\\/\\\/timeworksmods.com\\\/wp-content\\\/uploads\\\/2026\\\/03\\\/maquetahubleikorosegold_cleanup.jpg\",\"datePublished\":\"2026-03-25T11:24:17+00:00\",\"dateModified\":\"2026-04-13T06:32:21+00:00\",\"description\":\"Inspirado en uno de los dise\u00f1os m\u00e1s ic\u00f3nicos y vanguardistas de la relojer\u00eda deportiva contempor\u00e1nea, este mod adopta una est\u00e9tica potente y reconocible, reinterpretada con un enfoque propio que combina car\u00e1cter, precisi\u00f3n japonesa y una presencia imponente en mu\u00f1eca.\",\"breadcrumb\":{\"@id\":\"https:\\\/\\\/timeworksmods.com\\\/producto\\\/hubleiko-rose-gold\\\/#breadcrumb\"},\"inLanguage\":\"it-IT\",\"potentialAction\":[{\"@type\":\"ReadAction\",\"target\":[\"https:\\\/\\\/timeworksmods.com\\\/producto\\\/hubleiko-rose-gold\\\/\"]}]},{\"@type\":\"ImageObject\",\"inLanguage\":\"it-IT\",\"@id\":\"https:\\\/\\\/timeworksmods.com\\\/producto\\\/hubleiko-rose-gold\\\/#primaryimage\",\"url\":\"https:\\\/\\\/timeworksmods.com\\\/wp-content\\\/uploads\\\/2026\\\/03\\\/maquetahubleikorosegold_cleanup.jpg\",\"contentUrl\":\"https:\\\/\\\/timeworksmods.com\\\/wp-content\\\/uploads\\\/2026\\\/03\\\/maquetahubleikorosegold_cleanup.jpg\",\"width\":1200,\"height\":1200},{\"@type\":\"BreadcrumbList\",\"@id\":\"https:\\\/\\\/timeworksmods.com\\\/producto\\\/hubleiko-rose-gold\\\/#breadcrumb\",\"itemListElement\":[{\"@type\":\"ListItem\",\"position\":1,\"name\":\"Portada\",\"item\":\"https:\\\/\\\/timeworksmods.com\\\/\"},{\"@type\":\"ListItem\",\"position\":2,\"name\":\"Tienda\",\"item\":\"https:\\\/\\\/timeworksmods.com\\\/tienda\\\/\"},{\"@type\":\"ListItem\",\"position\":3,\"name\":\"Hubleiko Rose Gold\"}]},{\"@type\":\"WebSite\",\"@id\":\"https:\\\/\\\/timeworksmods.com\\\/#website\",\"url\":\"https:\\\/\\\/timeworksmods.com\\\/\",\"name\":\"Timeworks\u2122 | Seiko Mods\",\"description\":\"Tu Tienda de Seiko Mods Personalizados\",\"publisher\":{\"@id\":\"https:\\\/\\\/timeworksmods.com\\\/#organization\"},\"alternateName\":\"Timeworks\u2122 | Seiko Mods\",\"potentialAction\":[{\"@type\":\"SearchAction\",\"target\":{\"@type\":\"EntryPoint\",\"urlTemplate\":\"https:\\\/\\\/timeworksmods.com\\\/?s={search_term_string}\"},\"query-input\":{\"@type\":\"PropertyValueSpecification\",\"valueRequired\":true,\"valueName\":\"search_term_string\"}}],\"inLanguage\":\"it-IT\"},{\"@type\":\"Organization\",\"@id\":\"https:\\\/\\\/timeworksmods.com\\\/#organization\",\"name\":\"Timeworks\u2122 | Seiko Mods\",\"alternateName\":\"Timeworks\u2122 | Seiko Mods\",\"url\":\"https:\\\/\\\/timeworksmods.com\\\/\",\"logo\":{\"@type\":\"ImageObject\",\"inLanguage\":\"it-IT\",\"@id\":\"https:\\\/\\\/timeworksmods.com\\\/#\\\/schema\\\/logo\\\/image\\\/\",\"url\":\"https:\\\/\\\/timeworksmods.com\\\/wp-content\\\/uploads\\\/2025\\\/12\\\/ad972f10e0800b49d76fed33a21f6698.png\",\"contentUrl\":\"https:\\\/\\\/timeworksmods.com\\\/wp-content\\\/uploads\\\/2025\\\/12\\\/ad972f10e0800b49d76fed33a21f6698.png\",\"width\":1500,\"height\":200,\"caption\":\"Timeworks\u2122 | Seiko Mods\"},\"image\":{\"@id\":\"https:\\\/\\\/timeworksmods.com\\\/#\\\/schema\\\/logo\\\/image\\\/\"}}]}<\/script>\n<!-- \/ Yoast SEO plugin. -->","yoast_head_json":{"title":"Hubleiko Rose Gold | Timeworks\u2122 | Seiko Mods","description":"Inspirado en uno de los dise\u00f1os m\u00e1s ic\u00f3nicos y vanguardistas de la relojer\u00eda deportiva contempor\u00e1nea, este mod adopta una est\u00e9tica potente y reconocible, reinterpretada con un enfoque propio que combina car\u00e1cter, precisi\u00f3n japonesa y una presencia imponente en mu\u00f1eca.","robots":{"index":"index","follow":"follow","max-snippet":"max-snippet:-1","max-image-preview":"max-image-preview:large","max-video-preview":"max-video-preview:-1"},"canonical":"https:\/\/timeworksmods.com\/it\/product\/hubleiko-rose-gold\/","og_locale":"it_IT","og_type":"article","og_title":"Hubleiko Rose Gold | Timeworks\u2122 | Seiko Mods","og_description":"Inspirado en uno de los dise\u00f1os m\u00e1s ic\u00f3nicos y vanguardistas de la relojer\u00eda deportiva contempor\u00e1nea, este mod adopta una est\u00e9tica potente y reconocible, reinterpretada con un enfoque propio que combina car\u00e1cter, precisi\u00f3n japonesa y una presencia imponente en mu\u00f1eca.","og_url":"https:\/\/timeworksmods.com\/it\/product\/hubleiko-rose-gold\/","og_site_name":"Timeworks\u2122 | Seiko Mods","article_modified_time":"2026-04-13T06:32:21+00:00","og_image":[{"width":1200,"height":1200,"url":"https:\/\/timeworksmods.com\/wp-content\/uploads\/2026\/03\/maquetahubleikorosegold_cleanup.jpg","type":"image\/jpeg"}],"twitter_card":"summary_large_image","twitter_misc":{"Est. reading time":"1 minuto"},"schema":{"@context":"https:\/\/schema.org","@graph":[{"@type":"WebPage","@id":"https:\/\/timeworksmods.com\/producto\/hubleiko-rose-gold\/","url":"https:\/\/timeworksmods.com\/producto\/hubleiko-rose-gold\/","name":"Hubleiko Rose Gold | Timeworks\u2122 | Seiko Mods","isPartOf":{"@id":"https:\/\/timeworksmods.com\/#website"},"primaryImageOfPage":{"@id":"https:\/\/timeworksmods.com\/producto\/hubleiko-rose-gold\/#primaryimage"},"image":{"@id":"https:\/\/timeworksmods.com\/producto\/hubleiko-rose-gold\/#primaryimage"},"thumbnailUrl":"https:\/\/timeworksmods.com\/wp-content\/uploads\/2026\/03\/maquetahubleikorosegold_cleanup.jpg","datePublished":"2026-03-25T11:24:17+00:00","dateModified":"2026-04-13T06:32:21+00:00","description":"Inspirado en uno de los dise\u00f1os m\u00e1s ic\u00f3nicos y vanguardistas de la relojer\u00eda deportiva contempor\u00e1nea, este mod adopta una est\u00e9tica potente y reconocible, reinterpretada con un enfoque propio que combina car\u00e1cter, precisi\u00f3n japonesa y una presencia imponente en mu\u00f1eca.","breadcrumb":{"@id":"https:\/\/timeworksmods.com\/producto\/hubleiko-rose-gold\/#breadcrumb"},"inLanguage":"it-IT","potentialAction":[{"@type":"ReadAction","target":["https:\/\/timeworksmods.com\/producto\/hubleiko-rose-gold\/"]}]},{"@type":"ImageObject","inLanguage":"it-IT","@id":"https:\/\/timeworksmods.com\/producto\/hubleiko-rose-gold\/#primaryimage","url":"https:\/\/timeworksmods.com\/wp-content\/uploads\/2026\/03\/maquetahubleikorosegold_cleanup.jpg","contentUrl":"https:\/\/timeworksmods.com\/wp-content\/uploads\/2026\/03\/maquetahubleikorosegold_cleanup.jpg","width":1200,"height":1200},{"@type":"BreadcrumbList","@id":"https:\/\/timeworksmods.com\/producto\/hubleiko-rose-gold\/#breadcrumb","itemListElement":[{"@type":"ListItem","position":1,"name":"Portada","item":"https:\/\/timeworksmods.com\/"},{"@type":"ListItem","position":2,"name":"Tienda","item":"https:\/\/timeworksmods.com\/tienda\/"},{"@type":"ListItem","position":3,"name":"Hubleiko Rose Gold"}]},{"@type":"WebSite","@id":"https:\/\/timeworksmods.com\/#website","url":"https:\/\/timeworksmods.com\/","name":"Timeworks\u2122 | Modifiche Seiko","description":"La Tua Bottega di Modifiche Seiko Personalizzate","publisher":{"@id":"https:\/\/timeworksmods.com\/#organization"},"alternateName":"Timeworks\u2122 | Seiko Mods","potentialAction":[{"@type":"SearchAction","target":{"@type":"EntryPoint","urlTemplate":"https:\/\/timeworksmods.com\/?s={search_term_string}"},"query-input":{"@type":"PropertyValueSpecification","valueRequired":true,"valueName":"search_term_string"}}],"inLanguage":"it-IT"},{"@type":"Organization","@id":"https:\/\/timeworksmods.com\/#organization","name":"Timeworks\u2122 | Modifiche Seiko","alternateName":"Timeworks\u2122 | Seiko Mods","url":"https:\/\/timeworksmods.com\/","logo":{"@type":"ImageObject","inLanguage":"it-IT","@id":"https:\/\/timeworksmods.com\/#\/schema\/logo\/image\/","url":"https:\/\/timeworksmods.com\/wp-content\/uploads\/2025\/12\/ad972f10e0800b49d76fed33a21f6698.png","contentUrl":"https:\/\/timeworksmods.com\/wp-content\/uploads\/2025\/12\/ad972f10e0800b49d76fed33a21f6698.png","width":1500,"height":200,"caption":"Timeworks\u2122 | Seiko Mods"},"image":{"@id":"https:\/\/timeworksmods.com\/#\/schema\/logo\/image\/"}}]}},"_links":{"self":[{"href":"https:\/\/timeworksmods.com\/it\/wp-json\/wp\/v2\/product\/4845","targetHints":{"allow":["GET"]}}],"collection":[{"href":"https:\/\/timeworksmods.com\/it\/wp-json\/wp\/v2\/product"}],"about":[{"href":"https:\/\/timeworksmods.com\/it\/wp-json\/wp\/v2\/types\/product"}],"replies":[{"embeddable":true,"href":"https:\/\/timeworksmods.com\/it\/wp-json\/wp\/v2\/comments?post=4845"}],"wp:featuredmedia":[{"embeddable":true,"href":"https:\/\/timeworksmods.com\/it\/wp-json\/wp\/v2\/media\/4839"}],"wp:attachment":[{"href":"https:\/\/timeworksmods.com\/it\/wp-json\/wp\/v2\/media?parent=4845"}],"wp:term":[{"taxonomy":"product_cat","embeddable":true,"href":"https:\/\/timeworksmods.com\/it\/wp-json\/wp\/v2\/product_cat?post=4845"},{"taxonomy":"product_tag","embeddable":true,"href":"https:\/\/timeworksmods.com\/it\/wp-json\/wp\/v2\/product_tag?post=4845"}],"curies":[{"name":"wp","href":"https:\/\/api.w.org\/{rel}","templated":true}]}}