{"id":752,"date":"2025-12-06T12:54:15","date_gmt":"2025-12-06T12:54:15","guid":{"rendered":"https:\/\/timeworksmods.com\/?post_type=product&#038;p=752"},"modified":"2026-04-13T08:54:49","modified_gmt":"2026-04-13T06:54:49","slug":"gmteiko-coke","status":"publish","type":"product","link":"https:\/\/timeworksmods.com\/it\/product\/gmteiko-coke\/","title":{"rendered":"GMTeiko Coca"},"content":{"rendered":"<p data-start=\"197\" data-end=\"632\">Ispirato alle grandi icone della orologeria da viaggio, questo mod offre un design funzionale, avventuroso ed esteticamente accattivante. Un pezzo che trasmette l'essenza degli orologi da viaggio in una reinterpretazione moderna, dotato di <strong data-start=\"433\" data-end=\"488\">movimento automatico giapponese di comprovata affidabilit\u00e0<\/strong> e materiali di prima qualit\u00e0, ideale sia per l'uso quotidiano che per chi necessita di controllare con precisione pi\u00f9 fusi orari.<\/p>\n<p data-start=\"634\" data-end=\"1039\">Il calibro giapponese opera a 21.600 alternanze all'ora (3 Hz), dispone di carica automatica e manuale, funzione di fermo macchina (hacking) per una regolazione precisa dell'ora e, inoltre, incorpora una lancetta GMT indipendente che consente di seguire un secondo fuso orario. Offre una riserva di carica di circa 41 ore, garantendo un funzionamento continuo e affidabile in qualsiasi situazione.<\/p>\n<p data-start=\"1041\" data-end=\"1528\">La cassa in acciaio inossidabile 316L offre eccellente resistenza a corrosione, umidit\u00e0 e usura, abbinandosi a una lunetta girevole in stile GMT, dotata di inserto in ceramica, che conferisce un'eccezionale resistenza ai graffi e colori durevoli. La sua scala di 24 ore consente di leggere facilmente un secondo fuso orario. Il tutto \u00e8 completato da un vetro zaffiro, che garantisce una protezione superiore contro i graffi e una visibilit\u00e0 ottimale in qualsiasi condizione di luce.<\/p>\n<p data-start=\"1530\" data-end=\"1765\">Il risultato \u00e8 un orologio versatile, funzionale e sofisticato, pensato per l'uso quotidiano e per gli appassionati di orologeria meccanica che cercano un pezzo di ispirazione da viaggio con prestazioni moderne e affidabilit\u00e0 garantita.<\/p>","protected":false},"excerpt":{"rendered":"<p>Questo mod combina l'estetica classica degli orologi da viaggio internazionali con l'affidabilit\u00e0 di un <strong data-start=\"279\" data-end=\"330\">movimento automatico giapponese di alta precisione<\/strong>. Reinterpreta i design classici degli anni '80 con una meticolosa attenzione ai dettagli, offrendo un pezzo elegante, funzionale e affidabile per coloro che cercano un orologio versatile e di qualit\u00e0.<\/p>","protected":false},"featured_media":743,"comment_status":"open","ping_status":"closed","template":"","meta":{"_acf_changed":false,"_joinchat":[]},"product_cat":[98],"product_tag":[],"class_list":{"0":"post-752","1":"product","2":"type-product","3":"status-publish","4":"has-post-thumbnail","6":"product_cat-gmteiko","7":"pa_gmteiko-version-gmteiko-coke","9":"first","10":"instock","11":"sale","12":"taxable","13":"shipping-taxable","14":"purchasable","15":"product-type-simple","swatches":"rey-swatches","show_selected":""},"acf":[],"yoast_head":"<!-- This site is optimized with the Yoast SEO plugin v27.4 - https:\/\/yoast.com\/product\/yoast-seo-wordpress\/ -->\n<title>GMTeiko Coke | Timeworks\u2122 | Seiko Mods<\/title>\n<meta name=\"description\" content=\"Este mod combina la est\u00e9tica cl\u00e1sica de los relojes de viaje internacionales con la fiabilidad de un movimiento autom\u00e1tico japon\u00e9s de alta precisi\u00f3n. Reinterpreta los dise\u00f1os cl\u00e1sicos de los a\u00f1os 80 con una atenci\u00f3n meticulosa a los detalles, ofreciendo una pieza elegante, funcional y confiable para quienes buscan un reloj vers\u00e1til y de calidad.\" \/>\n<meta name=\"robots\" content=\"index, follow, max-snippet:-1, max-image-preview:large, max-video-preview:-1\" \/>\n<link rel=\"canonical\" href=\"https:\/\/timeworksmods.com\/it\/product\/gmteiko-coke\/\" \/>\n<meta property=\"og:locale\" content=\"it_IT\" \/>\n<meta property=\"og:type\" content=\"article\" \/>\n<meta property=\"og:title\" content=\"GMTeiko Coke | Timeworks\u2122 | Seiko Mods\" \/>\n<meta property=\"og:description\" content=\"Este mod combina la est\u00e9tica cl\u00e1sica de los relojes de viaje internacionales con la fiabilidad de un movimiento autom\u00e1tico japon\u00e9s de alta precisi\u00f3n. Reinterpreta los dise\u00f1os cl\u00e1sicos de los a\u00f1os 80 con una atenci\u00f3n meticulosa a los detalles, ofreciendo una pieza elegante, funcional y confiable para quienes buscan un reloj vers\u00e1til y de calidad.\" \/>\n<meta property=\"og:url\" content=\"https:\/\/timeworksmods.com\/it\/product\/gmteiko-coke\/\" \/>\n<meta property=\"og:site_name\" content=\"Timeworks\u2122 | Seiko Mods\" \/>\n<meta property=\"article:modified_time\" content=\"2026-04-13T06:54:49+00:00\" \/>\n<meta property=\"og:image\" content=\"https:\/\/timeworksmods.com\/wp-content\/uploads\/2025\/12\/5c572eca050594c7bc3c36e7e8ab9550.jpg\" \/>\n\t<meta property=\"og:image:width\" content=\"1200\" \/>\n\t<meta property=\"og:image:height\" content=\"1200\" \/>\n\t<meta property=\"og:image:type\" content=\"image\/jpeg\" \/>\n<meta name=\"twitter:card\" content=\"summary_large_image\" \/>\n<meta name=\"twitter:label1\" content=\"Est. reading time\" \/>\n\t<meta name=\"twitter:data1\" content=\"1 minuto\" \/>\n<script type=\"application\/ld+json\" class=\"yoast-schema-graph\">{\"@context\":\"https:\\\/\\\/schema.org\",\"@graph\":[{\"@type\":\"WebPage\",\"@id\":\"https:\\\/\\\/timeworksmods.com\\\/producto\\\/gmteiko-coke\\\/\",\"url\":\"https:\\\/\\\/timeworksmods.com\\\/producto\\\/gmteiko-coke\\\/\",\"name\":\"GMTeiko Coke | Timeworks\u2122 | Seiko Mods\",\"isPartOf\":{\"@id\":\"https:\\\/\\\/timeworksmods.com\\\/#website\"},\"primaryImageOfPage\":{\"@id\":\"https:\\\/\\\/timeworksmods.com\\\/producto\\\/gmteiko-coke\\\/#primaryimage\"},\"image\":{\"@id\":\"https:\\\/\\\/timeworksmods.com\\\/producto\\\/gmteiko-coke\\\/#primaryimage\"},\"thumbnailUrl\":\"https:\\\/\\\/timeworksmods.com\\\/wp-content\\\/uploads\\\/2025\\\/12\\\/5c572eca050594c7bc3c36e7e8ab9550.jpg\",\"datePublished\":\"2025-12-06T12:54:15+00:00\",\"dateModified\":\"2026-04-13T06:54:49+00:00\",\"description\":\"Este mod combina la est\u00e9tica cl\u00e1sica de los relojes de viaje internacionales con la fiabilidad de un movimiento autom\u00e1tico japon\u00e9s de alta precisi\u00f3n. Reinterpreta los dise\u00f1os cl\u00e1sicos de los a\u00f1os 80 con una atenci\u00f3n meticulosa a los detalles, ofreciendo una pieza elegante, funcional y confiable para quienes buscan un reloj vers\u00e1til y de calidad.\",\"breadcrumb\":{\"@id\":\"https:\\\/\\\/timeworksmods.com\\\/producto\\\/gmteiko-coke\\\/#breadcrumb\"},\"inLanguage\":\"it-IT\",\"potentialAction\":[{\"@type\":\"ReadAction\",\"target\":[\"https:\\\/\\\/timeworksmods.com\\\/producto\\\/gmteiko-coke\\\/\"]}]},{\"@type\":\"ImageObject\",\"inLanguage\":\"it-IT\",\"@id\":\"https:\\\/\\\/timeworksmods.com\\\/producto\\\/gmteiko-coke\\\/#primaryimage\",\"url\":\"https:\\\/\\\/timeworksmods.com\\\/wp-content\\\/uploads\\\/2025\\\/12\\\/5c572eca050594c7bc3c36e7e8ab9550.jpg\",\"contentUrl\":\"https:\\\/\\\/timeworksmods.com\\\/wp-content\\\/uploads\\\/2025\\\/12\\\/5c572eca050594c7bc3c36e7e8ab9550.jpg\",\"width\":1200,\"height\":1200},{\"@type\":\"BreadcrumbList\",\"@id\":\"https:\\\/\\\/timeworksmods.com\\\/producto\\\/gmteiko-coke\\\/#breadcrumb\",\"itemListElement\":[{\"@type\":\"ListItem\",\"position\":1,\"name\":\"Portada\",\"item\":\"https:\\\/\\\/timeworksmods.com\\\/\"},{\"@type\":\"ListItem\",\"position\":2,\"name\":\"Tienda\",\"item\":\"https:\\\/\\\/timeworksmods.com\\\/tienda\\\/\"},{\"@type\":\"ListItem\",\"position\":3,\"name\":\"GMTeiko Coke\"}]},{\"@type\":\"WebSite\",\"@id\":\"https:\\\/\\\/timeworksmods.com\\\/#website\",\"url\":\"https:\\\/\\\/timeworksmods.com\\\/\",\"name\":\"Timeworks\u2122 | Seiko Mods\",\"description\":\"Tu Tienda de Seiko Mods Personalizados\",\"publisher\":{\"@id\":\"https:\\\/\\\/timeworksmods.com\\\/#organization\"},\"alternateName\":\"Timeworks\u2122 | Seiko Mods\",\"potentialAction\":[{\"@type\":\"SearchAction\",\"target\":{\"@type\":\"EntryPoint\",\"urlTemplate\":\"https:\\\/\\\/timeworksmods.com\\\/?s={search_term_string}\"},\"query-input\":{\"@type\":\"PropertyValueSpecification\",\"valueRequired\":true,\"valueName\":\"search_term_string\"}}],\"inLanguage\":\"it-IT\"},{\"@type\":\"Organization\",\"@id\":\"https:\\\/\\\/timeworksmods.com\\\/#organization\",\"name\":\"Timeworks\u2122 | Seiko Mods\",\"alternateName\":\"Timeworks\u2122 | Seiko Mods\",\"url\":\"https:\\\/\\\/timeworksmods.com\\\/\",\"logo\":{\"@type\":\"ImageObject\",\"inLanguage\":\"it-IT\",\"@id\":\"https:\\\/\\\/timeworksmods.com\\\/#\\\/schema\\\/logo\\\/image\\\/\",\"url\":\"https:\\\/\\\/timeworksmods.com\\\/wp-content\\\/uploads\\\/2025\\\/12\\\/ad972f10e0800b49d76fed33a21f6698.png\",\"contentUrl\":\"https:\\\/\\\/timeworksmods.com\\\/wp-content\\\/uploads\\\/2025\\\/12\\\/ad972f10e0800b49d76fed33a21f6698.png\",\"width\":1500,\"height\":200,\"caption\":\"Timeworks\u2122 | Seiko Mods\"},\"image\":{\"@id\":\"https:\\\/\\\/timeworksmods.com\\\/#\\\/schema\\\/logo\\\/image\\\/\"}}]}<\/script>\n<!-- \/ Yoast SEO plugin. -->","yoast_head_json":{"title":"GMTeiko Coke | Timeworks\u2122 | Seiko Mods","description":"Questa modalit\u00e0 combina l'estetica classica degli orologi da viaggio mondiali con l'affidabilit\u00e0 di un movimento automatico giapponese ad alta precisione. Reinterpreta i design classici degli anni '80 con una meticolosa attenzione ai dettagli, offrendo un pezzo elegante, funzionale e affidabile per chi cerca un orologio versatile e di qualit\u00e0.","robots":{"index":"index","follow":"follow","max-snippet":"max-snippet:-1","max-image-preview":"max-image-preview:large","max-video-preview":"max-video-preview:-1"},"canonical":"https:\/\/timeworksmods.com\/it\/product\/gmteiko-coke\/","og_locale":"it_IT","og_type":"article","og_title":"GMTeiko Coke | Timeworks\u2122 | Seiko Mods","og_description":"Este mod combina la est\u00e9tica cl\u00e1sica de los relojes de viaje internacionales con la fiabilidad de un movimiento autom\u00e1tico japon\u00e9s de alta precisi\u00f3n. Reinterpreta los dise\u00f1os cl\u00e1sicos de los a\u00f1os 80 con una atenci\u00f3n meticulosa a los detalles, ofreciendo una pieza elegante, funcional y confiable para quienes buscan un reloj vers\u00e1til y de calidad.","og_url":"https:\/\/timeworksmods.com\/it\/product\/gmteiko-coke\/","og_site_name":"Timeworks\u2122 | Seiko Mods","article_modified_time":"2026-04-13T06:54:49+00:00","og_image":[{"width":1200,"height":1200,"url":"https:\/\/timeworksmods.com\/wp-content\/uploads\/2025\/12\/5c572eca050594c7bc3c36e7e8ab9550.jpg","type":"image\/jpeg"}],"twitter_card":"summary_large_image","twitter_misc":{"Est. reading time":"1 minuto"},"schema":{"@context":"https:\/\/schema.org","@graph":[{"@type":"WebPage","@id":"https:\/\/timeworksmods.com\/producto\/gmteiko-coke\/","url":"https:\/\/timeworksmods.com\/producto\/gmteiko-coke\/","name":"GMTeiko Coke | Timeworks\u2122 | Seiko Mods","isPartOf":{"@id":"https:\/\/timeworksmods.com\/#website"},"primaryImageOfPage":{"@id":"https:\/\/timeworksmods.com\/producto\/gmteiko-coke\/#primaryimage"},"image":{"@id":"https:\/\/timeworksmods.com\/producto\/gmteiko-coke\/#primaryimage"},"thumbnailUrl":"https:\/\/timeworksmods.com\/wp-content\/uploads\/2025\/12\/5c572eca050594c7bc3c36e7e8ab9550.jpg","datePublished":"2025-12-06T12:54:15+00:00","dateModified":"2026-04-13T06:54:49+00:00","description":"Questa modalit\u00e0 combina l'estetica classica degli orologi da viaggio mondiali con l'affidabilit\u00e0 di un movimento automatico giapponese ad alta precisione. Reinterpreta i design classici degli anni '80 con una meticolosa attenzione ai dettagli, offrendo un pezzo elegante, funzionale e affidabile per chi cerca un orologio versatile e di qualit\u00e0.","breadcrumb":{"@id":"https:\/\/timeworksmods.com\/producto\/gmteiko-coke\/#breadcrumb"},"inLanguage":"it-IT","potentialAction":[{"@type":"ReadAction","target":["https:\/\/timeworksmods.com\/producto\/gmteiko-coke\/"]}]},{"@type":"ImageObject","inLanguage":"it-IT","@id":"https:\/\/timeworksmods.com\/producto\/gmteiko-coke\/#primaryimage","url":"https:\/\/timeworksmods.com\/wp-content\/uploads\/2025\/12\/5c572eca050594c7bc3c36e7e8ab9550.jpg","contentUrl":"https:\/\/timeworksmods.com\/wp-content\/uploads\/2025\/12\/5c572eca050594c7bc3c36e7e8ab9550.jpg","width":1200,"height":1200},{"@type":"BreadcrumbList","@id":"https:\/\/timeworksmods.com\/producto\/gmteiko-coke\/#breadcrumb","itemListElement":[{"@type":"ListItem","position":1,"name":"Portada","item":"https:\/\/timeworksmods.com\/"},{"@type":"ListItem","position":2,"name":"Tienda","item":"https:\/\/timeworksmods.com\/tienda\/"},{"@type":"ListItem","position":3,"name":"GMTeiko Coke"}]},{"@type":"WebSite","@id":"https:\/\/timeworksmods.com\/#website","url":"https:\/\/timeworksmods.com\/","name":"Timeworks\u2122 | Modifiche Seiko","description":"La Tua Bottega di Modifiche Seiko Personalizzate","publisher":{"@id":"https:\/\/timeworksmods.com\/#organization"},"alternateName":"Timeworks\u2122 | Seiko Mods","potentialAction":[{"@type":"SearchAction","target":{"@type":"EntryPoint","urlTemplate":"https:\/\/timeworksmods.com\/?s={search_term_string}"},"query-input":{"@type":"PropertyValueSpecification","valueRequired":true,"valueName":"search_term_string"}}],"inLanguage":"it-IT"},{"@type":"Organization","@id":"https:\/\/timeworksmods.com\/#organization","name":"Timeworks\u2122 | Modifiche Seiko","alternateName":"Timeworks\u2122 | Seiko Mods","url":"https:\/\/timeworksmods.com\/","logo":{"@type":"ImageObject","inLanguage":"it-IT","@id":"https:\/\/timeworksmods.com\/#\/schema\/logo\/image\/","url":"https:\/\/timeworksmods.com\/wp-content\/uploads\/2025\/12\/ad972f10e0800b49d76fed33a21f6698.png","contentUrl":"https:\/\/timeworksmods.com\/wp-content\/uploads\/2025\/12\/ad972f10e0800b49d76fed33a21f6698.png","width":1500,"height":200,"caption":"Timeworks\u2122 | Seiko Mods"},"image":{"@id":"https:\/\/timeworksmods.com\/#\/schema\/logo\/image\/"}}]}},"_links":{"self":[{"href":"https:\/\/timeworksmods.com\/it\/wp-json\/wp\/v2\/product\/752","targetHints":{"allow":["GET"]}}],"collection":[{"href":"https:\/\/timeworksmods.com\/it\/wp-json\/wp\/v2\/product"}],"about":[{"href":"https:\/\/timeworksmods.com\/it\/wp-json\/wp\/v2\/types\/product"}],"replies":[{"embeddable":true,"href":"https:\/\/timeworksmods.com\/it\/wp-json\/wp\/v2\/comments?post=752"}],"wp:featuredmedia":[{"embeddable":true,"href":"https:\/\/timeworksmods.com\/it\/wp-json\/wp\/v2\/media\/743"}],"wp:attachment":[{"href":"https:\/\/timeworksmods.com\/it\/wp-json\/wp\/v2\/media?parent=752"}],"wp:term":[{"taxonomy":"product_cat","embeddable":true,"href":"https:\/\/timeworksmods.com\/it\/wp-json\/wp\/v2\/product_cat?post=752"},{"taxonomy":"product_tag","embeddable":true,"href":"https:\/\/timeworksmods.com\/it\/wp-json\/wp\/v2\/product_tag?post=752"}],"curies":[{"name":"wp","href":"https:\/\/api.w.org\/{rel}","templated":true}]}}