{"id":933,"date":"2025-12-06T16:30:42","date_gmt":"2025-12-06T16:30:42","guid":{"rendered":"https:\/\/timeworksmods.com\/?post_type=product&#038;p=933"},"modified":"2026-04-13T08:53:25","modified_gmt":"2026-04-13T06:53:25","slug":"seikonaut-black","status":"publish","type":"product","link":"https:\/\/timeworksmods.com\/it\/product\/seikonaut-black\/","title":{"rendered":"Seikonaut Black"},"content":{"rendered":"<p data-start=\"179\" data-end=\"465\">Inspirado en los iconos contempor\u00e1neos de la relojer\u00eda deportiva de lujo, este mod ofrece un dise\u00f1o moderno, c\u00f3modo y vers\u00e1til. Una reinterpretaci\u00f3n que conserva la esencia de los relojes deportivos, incorporando componentes y materiales de alta calidad para un uso diario y exigente.<\/p>\n<p data-start=\"467\" data-end=\"769\">Equipa un <strong data-start=\"477\" data-end=\"553\">movimiento autom\u00e1tico japon\u00e9s reconocido por su fiabilidad y durabilidad<\/strong>. Funciona a 21.600 alternancias por hora (3 Hz), cuenta con remonte autom\u00e1tico y manual, funci\u00f3n de parada de segundero (hacking) para un ajuste preciso, y ofrece una reserva de marcha de aproximadamente 41 horas.<\/p>\n<p data-start=\"771\" data-end=\"1076\">La caja est\u00e1 fabricada en acero inoxidable 316L, resistente a la corrosi\u00f3n y al desgaste, y se complementa con cristal de zafiro, garantizando una alta resistencia a rayaduras y una excelente transparencia. El conjunto ofrece un equilibrio perfecto entre dise\u00f1o deportivo, precisi\u00f3n mec\u00e1nica y robustez.<\/p>","protected":false},"excerpt":{"rendered":"<p>Inspirado en los iconos contempor\u00e1neos de la relojer\u00eda deportiva de lujo, este mod ofrece un dise\u00f1o moderno, c\u00f3modo y vers\u00e1til. Una pieza que captura la esencia de los relojes deportivos cl\u00e1sicos, reinterpretada con la precisi\u00f3n y fiabilidad de un <strong data-start=\"395\" data-end=\"444\">movimiento autom\u00e1tico japon\u00e9s de alta calidad<\/strong>, y construida con materiales actuales de primera categor\u00eda.<\/p>","protected":false},"featured_media":871,"comment_status":"open","ping_status":"closed","template":"","meta":{"_acf_changed":false,"_joinchat":[]},"product_cat":[105],"product_tag":[],"class_list":{"0":"post-933","1":"product","2":"type-product","3":"status-publish","4":"has-post-thumbnail","6":"product_cat-seikonaut","8":"first","9":"instock","10":"sale","11":"taxable","12":"shipping-taxable","13":"purchasable","14":"product-type-simple","swatches":"rey-swatches","show_selected":""},"acf":[],"yoast_head":"<!-- This site is optimized with the Yoast SEO plugin v27.4 - https:\/\/yoast.com\/product\/yoast-seo-wordpress\/ -->\n<title>Seikonaut Black | Timeworks\u2122 | Seiko Mods<\/title>\n<meta name=\"description\" content=\"Inspirado en los iconos contempor\u00e1neos de la relojer\u00eda deportiva de lujo, este mod ofrece un dise\u00f1o moderno, c\u00f3modo y vers\u00e1til. Una pieza que captura la esencia de los relojes deportivos cl\u00e1sicos, reinterpretada con la precisi\u00f3n y fiabilidad de un movimiento autom\u00e1tico japon\u00e9s de alta calidad, y construida con materiales actuales de primera categor\u00eda.\" \/>\n<meta name=\"robots\" content=\"index, follow, max-snippet:-1, max-image-preview:large, max-video-preview:-1\" \/>\n<link rel=\"canonical\" href=\"https:\/\/timeworksmods.com\/it\/product\/seikonaut-black\/\" \/>\n<meta property=\"og:locale\" content=\"it_IT\" \/>\n<meta property=\"og:type\" content=\"article\" \/>\n<meta property=\"og:title\" content=\"Seikonaut Black | Timeworks\u2122 | Seiko Mods\" \/>\n<meta property=\"og:description\" content=\"Inspirado en los iconos contempor\u00e1neos de la relojer\u00eda deportiva de lujo, este mod ofrece un dise\u00f1o moderno, c\u00f3modo y vers\u00e1til. Una pieza que captura la esencia de los relojes deportivos cl\u00e1sicos, reinterpretada con la precisi\u00f3n y fiabilidad de un movimiento autom\u00e1tico japon\u00e9s de alta calidad, y construida con materiales actuales de primera categor\u00eda.\" \/>\n<meta property=\"og:url\" content=\"https:\/\/timeworksmods.com\/it\/product\/seikonaut-black\/\" \/>\n<meta property=\"og:site_name\" content=\"Timeworks\u2122 | Seiko Mods\" \/>\n<meta property=\"article:modified_time\" content=\"2026-04-13T06:53:25+00:00\" \/>\n<meta property=\"og:image\" content=\"https:\/\/timeworksmods.com\/wp-content\/uploads\/2025\/12\/aeb3135b436aa55373822c010763dd54.jpg\" \/>\n\t<meta property=\"og:image:width\" content=\"1200\" \/>\n\t<meta property=\"og:image:height\" content=\"1200\" \/>\n\t<meta property=\"og:image:type\" content=\"image\/jpeg\" \/>\n<meta name=\"twitter:card\" content=\"summary_large_image\" \/>\n<meta name=\"twitter:label1\" content=\"Est. reading time\" \/>\n\t<meta name=\"twitter:data1\" content=\"1 minuto\" \/>\n<script type=\"application\/ld+json\" class=\"yoast-schema-graph\">{\"@context\":\"https:\\\/\\\/schema.org\",\"@graph\":[{\"@type\":\"WebPage\",\"@id\":\"https:\\\/\\\/timeworksmods.com\\\/producto\\\/seikonaut-black\\\/\",\"url\":\"https:\\\/\\\/timeworksmods.com\\\/producto\\\/seikonaut-black\\\/\",\"name\":\"Seikonaut Black | Timeworks\u2122 | Seiko Mods\",\"isPartOf\":{\"@id\":\"https:\\\/\\\/timeworksmods.com\\\/#website\"},\"primaryImageOfPage\":{\"@id\":\"https:\\\/\\\/timeworksmods.com\\\/producto\\\/seikonaut-black\\\/#primaryimage\"},\"image\":{\"@id\":\"https:\\\/\\\/timeworksmods.com\\\/producto\\\/seikonaut-black\\\/#primaryimage\"},\"thumbnailUrl\":\"https:\\\/\\\/timeworksmods.com\\\/wp-content\\\/uploads\\\/2025\\\/12\\\/aeb3135b436aa55373822c010763dd54.jpg\",\"datePublished\":\"2025-12-06T16:30:42+00:00\",\"dateModified\":\"2026-04-13T06:53:25+00:00\",\"description\":\"Inspirado en los iconos contempor\u00e1neos de la relojer\u00eda deportiva de lujo, este mod ofrece un dise\u00f1o moderno, c\u00f3modo y vers\u00e1til. Una pieza que captura la esencia de los relojes deportivos cl\u00e1sicos, reinterpretada con la precisi\u00f3n y fiabilidad de un movimiento autom\u00e1tico japon\u00e9s de alta calidad, y construida con materiales actuales de primera categor\u00eda.\",\"breadcrumb\":{\"@id\":\"https:\\\/\\\/timeworksmods.com\\\/producto\\\/seikonaut-black\\\/#breadcrumb\"},\"inLanguage\":\"it-IT\",\"potentialAction\":[{\"@type\":\"ReadAction\",\"target\":[\"https:\\\/\\\/timeworksmods.com\\\/producto\\\/seikonaut-black\\\/\"]}]},{\"@type\":\"ImageObject\",\"inLanguage\":\"it-IT\",\"@id\":\"https:\\\/\\\/timeworksmods.com\\\/producto\\\/seikonaut-black\\\/#primaryimage\",\"url\":\"https:\\\/\\\/timeworksmods.com\\\/wp-content\\\/uploads\\\/2025\\\/12\\\/aeb3135b436aa55373822c010763dd54.jpg\",\"contentUrl\":\"https:\\\/\\\/timeworksmods.com\\\/wp-content\\\/uploads\\\/2025\\\/12\\\/aeb3135b436aa55373822c010763dd54.jpg\",\"width\":1200,\"height\":1200},{\"@type\":\"BreadcrumbList\",\"@id\":\"https:\\\/\\\/timeworksmods.com\\\/producto\\\/seikonaut-black\\\/#breadcrumb\",\"itemListElement\":[{\"@type\":\"ListItem\",\"position\":1,\"name\":\"Portada\",\"item\":\"https:\\\/\\\/timeworksmods.com\\\/\"},{\"@type\":\"ListItem\",\"position\":2,\"name\":\"Tienda\",\"item\":\"https:\\\/\\\/timeworksmods.com\\\/tienda\\\/\"},{\"@type\":\"ListItem\",\"position\":3,\"name\":\"Seikonaut Black\"}]},{\"@type\":\"WebSite\",\"@id\":\"https:\\\/\\\/timeworksmods.com\\\/#website\",\"url\":\"https:\\\/\\\/timeworksmods.com\\\/\",\"name\":\"Timeworks\u2122 | Seiko Mods\",\"description\":\"Tu Tienda de Seiko Mods Personalizados\",\"publisher\":{\"@id\":\"https:\\\/\\\/timeworksmods.com\\\/#organization\"},\"alternateName\":\"Timeworks\u2122 | Seiko Mods\",\"potentialAction\":[{\"@type\":\"SearchAction\",\"target\":{\"@type\":\"EntryPoint\",\"urlTemplate\":\"https:\\\/\\\/timeworksmods.com\\\/?s={search_term_string}\"},\"query-input\":{\"@type\":\"PropertyValueSpecification\",\"valueRequired\":true,\"valueName\":\"search_term_string\"}}],\"inLanguage\":\"it-IT\"},{\"@type\":\"Organization\",\"@id\":\"https:\\\/\\\/timeworksmods.com\\\/#organization\",\"name\":\"Timeworks\u2122 | Seiko Mods\",\"alternateName\":\"Timeworks\u2122 | Seiko Mods\",\"url\":\"https:\\\/\\\/timeworksmods.com\\\/\",\"logo\":{\"@type\":\"ImageObject\",\"inLanguage\":\"it-IT\",\"@id\":\"https:\\\/\\\/timeworksmods.com\\\/#\\\/schema\\\/logo\\\/image\\\/\",\"url\":\"https:\\\/\\\/timeworksmods.com\\\/wp-content\\\/uploads\\\/2025\\\/12\\\/ad972f10e0800b49d76fed33a21f6698.png\",\"contentUrl\":\"https:\\\/\\\/timeworksmods.com\\\/wp-content\\\/uploads\\\/2025\\\/12\\\/ad972f10e0800b49d76fed33a21f6698.png\",\"width\":1500,\"height\":200,\"caption\":\"Timeworks\u2122 | Seiko Mods\"},\"image\":{\"@id\":\"https:\\\/\\\/timeworksmods.com\\\/#\\\/schema\\\/logo\\\/image\\\/\"}}]}<\/script>\n<!-- \/ Yoast SEO plugin. -->","yoast_head_json":{"title":"Seikonaut Black | Timeworks\u2122 | Seiko Mods","description":"Inspirado en los iconos contempor\u00e1neos de la relojer\u00eda deportiva de lujo, este mod ofrece un dise\u00f1o moderno, c\u00f3modo y vers\u00e1til. Una pieza que captura la esencia de los relojes deportivos cl\u00e1sicos, reinterpretada con la precisi\u00f3n y fiabilidad de un movimiento autom\u00e1tico japon\u00e9s de alta calidad, y construida con materiales actuales de primera categor\u00eda.","robots":{"index":"index","follow":"follow","max-snippet":"max-snippet:-1","max-image-preview":"max-image-preview:large","max-video-preview":"max-video-preview:-1"},"canonical":"https:\/\/timeworksmods.com\/it\/product\/seikonaut-black\/","og_locale":"it_IT","og_type":"article","og_title":"Seikonaut Black | Timeworks\u2122 | Seiko Mods","og_description":"Inspirado en los iconos contempor\u00e1neos de la relojer\u00eda deportiva de lujo, este mod ofrece un dise\u00f1o moderno, c\u00f3modo y vers\u00e1til. Una pieza que captura la esencia de los relojes deportivos cl\u00e1sicos, reinterpretada con la precisi\u00f3n y fiabilidad de un movimiento autom\u00e1tico japon\u00e9s de alta calidad, y construida con materiales actuales de primera categor\u00eda.","og_url":"https:\/\/timeworksmods.com\/it\/product\/seikonaut-black\/","og_site_name":"Timeworks\u2122 | Seiko Mods","article_modified_time":"2026-04-13T06:53:25+00:00","og_image":[{"width":1200,"height":1200,"url":"https:\/\/timeworksmods.com\/wp-content\/uploads\/2025\/12\/aeb3135b436aa55373822c010763dd54.jpg","type":"image\/jpeg"}],"twitter_card":"summary_large_image","twitter_misc":{"Est. reading time":"1 minuto"},"schema":{"@context":"https:\/\/schema.org","@graph":[{"@type":"WebPage","@id":"https:\/\/timeworksmods.com\/producto\/seikonaut-black\/","url":"https:\/\/timeworksmods.com\/producto\/seikonaut-black\/","name":"Seikonaut Black | Timeworks\u2122 | Seiko Mods","isPartOf":{"@id":"https:\/\/timeworksmods.com\/#website"},"primaryImageOfPage":{"@id":"https:\/\/timeworksmods.com\/producto\/seikonaut-black\/#primaryimage"},"image":{"@id":"https:\/\/timeworksmods.com\/producto\/seikonaut-black\/#primaryimage"},"thumbnailUrl":"https:\/\/timeworksmods.com\/wp-content\/uploads\/2025\/12\/aeb3135b436aa55373822c010763dd54.jpg","datePublished":"2025-12-06T16:30:42+00:00","dateModified":"2026-04-13T06:53:25+00:00","description":"Inspirado en los iconos contempor\u00e1neos de la relojer\u00eda deportiva de lujo, este mod ofrece un dise\u00f1o moderno, c\u00f3modo y vers\u00e1til. Una pieza que captura la esencia de los relojes deportivos cl\u00e1sicos, reinterpretada con la precisi\u00f3n y fiabilidad de un movimiento autom\u00e1tico japon\u00e9s de alta calidad, y construida con materiales actuales de primera categor\u00eda.","breadcrumb":{"@id":"https:\/\/timeworksmods.com\/producto\/seikonaut-black\/#breadcrumb"},"inLanguage":"it-IT","potentialAction":[{"@type":"ReadAction","target":["https:\/\/timeworksmods.com\/producto\/seikonaut-black\/"]}]},{"@type":"ImageObject","inLanguage":"it-IT","@id":"https:\/\/timeworksmods.com\/producto\/seikonaut-black\/#primaryimage","url":"https:\/\/timeworksmods.com\/wp-content\/uploads\/2025\/12\/aeb3135b436aa55373822c010763dd54.jpg","contentUrl":"https:\/\/timeworksmods.com\/wp-content\/uploads\/2025\/12\/aeb3135b436aa55373822c010763dd54.jpg","width":1200,"height":1200},{"@type":"BreadcrumbList","@id":"https:\/\/timeworksmods.com\/producto\/seikonaut-black\/#breadcrumb","itemListElement":[{"@type":"ListItem","position":1,"name":"Portada","item":"https:\/\/timeworksmods.com\/"},{"@type":"ListItem","position":2,"name":"Tienda","item":"https:\/\/timeworksmods.com\/tienda\/"},{"@type":"ListItem","position":3,"name":"Seikonaut Black"}]},{"@type":"WebSite","@id":"https:\/\/timeworksmods.com\/#website","url":"https:\/\/timeworksmods.com\/","name":"Timeworks\u2122 | Modifiche Seiko","description":"La Tua Bottega di Modifiche Seiko Personalizzate","publisher":{"@id":"https:\/\/timeworksmods.com\/#organization"},"alternateName":"Timeworks\u2122 | Seiko Mods","potentialAction":[{"@type":"SearchAction","target":{"@type":"EntryPoint","urlTemplate":"https:\/\/timeworksmods.com\/?s={search_term_string}"},"query-input":{"@type":"PropertyValueSpecification","valueRequired":true,"valueName":"search_term_string"}}],"inLanguage":"it-IT"},{"@type":"Organization","@id":"https:\/\/timeworksmods.com\/#organization","name":"Timeworks\u2122 | Modifiche Seiko","alternateName":"Timeworks\u2122 | Seiko Mods","url":"https:\/\/timeworksmods.com\/","logo":{"@type":"ImageObject","inLanguage":"it-IT","@id":"https:\/\/timeworksmods.com\/#\/schema\/logo\/image\/","url":"https:\/\/timeworksmods.com\/wp-content\/uploads\/2025\/12\/ad972f10e0800b49d76fed33a21f6698.png","contentUrl":"https:\/\/timeworksmods.com\/wp-content\/uploads\/2025\/12\/ad972f10e0800b49d76fed33a21f6698.png","width":1500,"height":200,"caption":"Timeworks\u2122 | Seiko Mods"},"image":{"@id":"https:\/\/timeworksmods.com\/#\/schema\/logo\/image\/"}}]}},"_links":{"self":[{"href":"https:\/\/timeworksmods.com\/it\/wp-json\/wp\/v2\/product\/933","targetHints":{"allow":["GET"]}}],"collection":[{"href":"https:\/\/timeworksmods.com\/it\/wp-json\/wp\/v2\/product"}],"about":[{"href":"https:\/\/timeworksmods.com\/it\/wp-json\/wp\/v2\/types\/product"}],"replies":[{"embeddable":true,"href":"https:\/\/timeworksmods.com\/it\/wp-json\/wp\/v2\/comments?post=933"}],"wp:featuredmedia":[{"embeddable":true,"href":"https:\/\/timeworksmods.com\/it\/wp-json\/wp\/v2\/media\/871"}],"wp:attachment":[{"href":"https:\/\/timeworksmods.com\/it\/wp-json\/wp\/v2\/media?parent=933"}],"wp:term":[{"taxonomy":"product_cat","embeddable":true,"href":"https:\/\/timeworksmods.com\/it\/wp-json\/wp\/v2\/product_cat?post=933"},{"taxonomy":"product_tag","embeddable":true,"href":"https:\/\/timeworksmods.com\/it\/wp-json\/wp\/v2\/product_tag?post=933"}],"curies":[{"name":"wp","href":"https:\/\/api.w.org\/{rel}","templated":true}]}}